{"id":156,"date":"2015-06-22T22:03:23","date_gmt":"2015-06-22T21:03:23","guid":{"rendered":"http:\/\/sylvain-larocque.com\/?page_id=156"},"modified":"2023-03-15T14:52:39","modified_gmt":"2023-03-15T18:52:39","slug":"about-me","status":"publish","type":"page","link":"https:\/\/sylvain-larocque.com\/en\/about-me\/","title":{"rendered":"About Me"},"content":{"rendered":"<p><strong>Sylvain Laroque<\/strong><br \/>\n<a href=\"https:\/\/sylvain-larocque.com\/wp-content\/uploads\/2022\/09\/sylvainBio-250x251.jpg\"><img loading=\"lazy\" decoding=\"async\" width=\"250\" height=\"251\" class=\"size-medium wp-image-334 alignleft\" src=\"https:\/\/sylvain-larocque.com\/wp-content\/uploads\/2022\/09\/sylvainBio-250x251.jpg\" alt=\"\" srcset=\"https:\/\/sylvain-larocque.com\/wp-content\/uploads\/2022\/09\/sylvainBio-250x251.jpg 250w, https:\/\/sylvain-larocque.com\/wp-content\/uploads\/2022\/09\/sylvainBio-150x150.jpg 150w, https:\/\/sylvain-larocque.com\/wp-content\/uploads\/2022\/09\/sylvainBio-120x120.jpg 120w, https:\/\/sylvain-larocque.com\/wp-content\/uploads\/2022\/09\/sylvainBio.jpg 287w\" sizes=\"(max-width: 250px) 100vw, 250px\" \/><\/a><br \/>\nWinner of seven Oliviers, including six for Author(s) of the Year and one for Show of the Year, Sylvain Larocque has been in the wonderful world of comedy for nearly 30 years.<\/p>\n<p>A bilingual Montreal humorist, Sylvain has made his mark from coast to coast with his performances and writing in both English and French. As a stand-up and writer, he has participated in over 20 editions of the Just for Laughs Festival and 10 editions of the Just for Laughs Festival performing in televised galas, solo shows and as a script editor for the Galas. He also hosted Galas du Grand Rire for 5 years and participated in several Com\u00e9diHa Galas.<\/p>\n<p>Sylvain has never stopped accumulating honors. His writing for the series Un gars, une fille earned him a Gemini Award and his texts, which have been performed by many great Quebec comedians (Jean-Michel Anctil, Martin Petit, Patrick Groulx, Laurent Paquin, Marc Dupr\u00e9, Philippe Bond, etc.), have been awarded the prestigious Olivier trophy for author of the year 6 times. In addition, Sylvain has participated in the texts of several famous television galas such as the Galas de Artis, the Olivier, Just for Laughs, the Jutras, etc.<\/p>\n<p>Sylvain has produced 4 solo shows, one of which earned him the coveted Olivier trophy for show of the year.<\/p>\n<p>In the meantime, Sylvain has co-hosted on CKOI 96.9 FM radio, played on the big screen (Camping Sauvage), and performed in the theater as part of the cast of the play Ladies&#8217; Night and Cabaret Bio-d\u00e9gradable.<\/p>\n<p>Internationally, Sylvain has performed at the Montreux Laughter Festival in Switzerland, at the Just for Laughs Festival in Nantes, at two editions of the Paris fait sa com\u00e9die Festival and at the Voorire Festival in Li\u00e8ge, in addition to opening for Anne Roumanoff at the Bobino Theater and performing solo for 6 months in Paris.<\/p>\n<p>In English, he has participated in several Canadian Comedy Tours across Canada and is a regular at the popular Comedy Nest in Montreal.<\/p>\n<p>A bilingual humorist and author, Sylvain has translated all 7 seasons of the series Un gars une fille into English and participated in the adaptation of the 2 seasons of Corner Gas, the animated series.<\/p>\n<p>Relevant, intelligent and always funny, the comedian never falls into elitism or vulgarity; even less into the easy way. And it is thanks to his immense talent for juggling words that the &#8220;gag killer&#8221; has carved out a place for himself among the must-see comedians of the Quebec landscape.<\/p>\n<p>In addition to offering conferences across the province, Sylvain Larocque has been a municipal councillor for the city of Longueuil (St-Charles district) for nearly a year, a member of the Board of Directors of the R\u00e9seau de Transport de l&#8217;agglom\u00e9ration de Longueuil (RTL), a member of the Board of Directors of the Conseil des Arts de Longueuil and a member of the Commission de la Culture et du Patrimoine de la Communaut\u00e9 M\u00e9tropolitaine de Montr\u00e9al (CMM).<br \/>\nComedian, bilingual host and author, lecturer and city councillor, Sylvain Larocque is all of these!<\/p>\n","protected":false},"excerpt":{"rendered":"Sylvain Laroque Winner of seven Oliviers, including six for Author(s) of the Year and one for Show of the Year, Sylvain Larocque has been in the wonderful world of comedy for nearly 30 years. A bilingual Montreal humorist, Sylvain has made his mark from coast to coast with his performances and writing in both English&#8230; <a class=\"view-article\" href=\"https:\/\/sylvain-larocque.com\/en\/about-me\/\">View Article<\/a>","protected":false},"author":1,"featured_media":0,"parent":0,"menu_order":0,"comment_status":"open","ping_status":"open","template":"","meta":{"ngg_post_thumbnail":0,"footnotes":""},"yoast_head":"<!-- This site is optimized with the Yoast SEO plugin v23.5 - https:\/\/yoast.com\/wordpress\/plugins\/seo\/ -->\n<title>About Me - Sylvain Larocque<\/title>\n<meta name=\"robots\" content=\"index, follow, max-snippet:-1, max-image-preview:large, max-video-preview:-1\" \/>\n<link rel=\"canonical\" href=\"https:\/\/sylvain-larocque.com\/biographie\/\" \/>\n<meta property=\"og:locale\" content=\"en_US\" \/>\n<meta property=\"og:type\" content=\"article\" \/>\n<meta property=\"og:title\" content=\"About Me - Sylvain Larocque\" \/>\n<meta property=\"og:description\" content=\"Sylvain Laroque Winner of seven Oliviers, including six for Author(s) of the Year and one for Show of the Year, Sylvain Larocque has been in the wonderful world of comedy for nearly 30 years. A bilingual Montreal humorist, Sylvain has made his mark from coast to coast with his performances and writing in both English... View Article\" \/>\n<meta property=\"og:url\" content=\"https:\/\/sylvain-larocque.com\/biographie\/\" \/>\n<meta property=\"og:site_name\" content=\"Sylvain Larocque\" \/>\n<meta property=\"article:publisher\" content=\"https:\/\/www.facebook.com\/pages\/Sylvain-Larocque\/313007662084417?fref=ts\" \/>\n<meta property=\"article:modified_time\" content=\"2023-03-15T18:52:39+00:00\" \/>\n<meta property=\"og:image\" content=\"https:\/\/sylvain-larocque.com\/wp-content\/uploads\/2022\/09\/sylvainBio-250x251.jpg\" \/>\n<meta name=\"twitter:card\" content=\"summary_large_image\" \/>\n<meta name=\"twitter:site\" content=\"@slylarocque\" \/>\n<meta name=\"twitter:label1\" content=\"Est. reading time\" \/>\n\t<meta name=\"twitter:data1\" content=\"3 minutes\" \/>\n<script type=\"application\/ld+json\" class=\"yoast-schema-graph\">{\"@context\":\"https:\/\/schema.org\",\"@graph\":[{\"@type\":\"WebPage\",\"@id\":\"https:\/\/sylvain-larocque.com\/biographie\/\",\"url\":\"https:\/\/sylvain-larocque.com\/biographie\/\",\"name\":\"About Me - Sylvain Larocque\",\"isPartOf\":{\"@id\":\"https:\/\/sylvain-larocque.com\/#website\"},\"primaryImageOfPage\":{\"@id\":\"https:\/\/sylvain-larocque.com\/biographie\/#primaryimage\"},\"image\":{\"@id\":\"https:\/\/sylvain-larocque.com\/biographie\/#primaryimage\"},\"thumbnailUrl\":\"https:\/\/sylvain-larocque.com\/wp-content\/uploads\/2022\/09\/sylvainBio-250x251.jpg\",\"datePublished\":\"2015-06-22T21:03:23+00:00\",\"dateModified\":\"2023-03-15T18:52:39+00:00\",\"breadcrumb\":{\"@id\":\"https:\/\/sylvain-larocque.com\/biographie\/#breadcrumb\"},\"inLanguage\":\"en-US\",\"potentialAction\":[{\"@type\":\"ReadAction\",\"target\":[\"https:\/\/sylvain-larocque.com\/biographie\/\"]}]},{\"@type\":\"ImageObject\",\"inLanguage\":\"en-US\",\"@id\":\"https:\/\/sylvain-larocque.com\/biographie\/#primaryimage\",\"url\":\"https:\/\/sylvain-larocque.com\/wp-content\/uploads\/2022\/09\/sylvainBio-250x251.jpg\",\"contentUrl\":\"https:\/\/sylvain-larocque.com\/wp-content\/uploads\/2022\/09\/sylvainBio-250x251.jpg\"},{\"@type\":\"BreadcrumbList\",\"@id\":\"https:\/\/sylvain-larocque.com\/biographie\/#breadcrumb\",\"itemListElement\":[{\"@type\":\"ListItem\",\"position\":1,\"name\":\"Accueil\",\"item\":\"https:\/\/sylvain-larocque.com\/\"},{\"@type\":\"ListItem\",\"position\":2,\"name\":\"About Me\"}]},{\"@type\":\"WebSite\",\"@id\":\"https:\/\/sylvain-larocque.com\/#website\",\"url\":\"https:\/\/sylvain-larocque.com\/\",\"name\":\"Sylvain Larocque\",\"description\":\"Sylvain Larocque\",\"publisher\":{\"@id\":\"https:\/\/sylvain-larocque.com\/#organization\"},\"potentialAction\":[{\"@type\":\"SearchAction\",\"target\":{\"@type\":\"EntryPoint\",\"urlTemplate\":\"https:\/\/sylvain-larocque.com\/?s={search_term_string}\"},\"query-input\":{\"@type\":\"PropertyValueSpecification\",\"valueRequired\":true,\"valueName\":\"search_term_string\"}}],\"inLanguage\":\"en-US\"},{\"@type\":\"Organization\",\"@id\":\"https:\/\/sylvain-larocque.com\/#organization\",\"name\":\"Sylvain Larocque\",\"url\":\"https:\/\/sylvain-larocque.com\/\",\"logo\":{\"@type\":\"ImageObject\",\"inLanguage\":\"en-US\",\"@id\":\"https:\/\/sylvain-larocque.com\/#\/schema\/logo\/image\/\",\"url\":\"https:\/\/sylvain-larocque.com\/wp-content\/uploads\/2015\/06\/sly2.jpg\",\"contentUrl\":\"https:\/\/sylvain-larocque.com\/wp-content\/uploads\/2015\/06\/sly2.jpg\",\"width\":954,\"height\":450,\"caption\":\"Sylvain Larocque\"},\"image\":{\"@id\":\"https:\/\/sylvain-larocque.com\/#\/schema\/logo\/image\/\"},\"sameAs\":[\"https:\/\/www.facebook.com\/pages\/Sylvain-Larocque\/313007662084417?fref=ts\",\"https:\/\/x.com\/slylarocque\"]}]}<\/script>\n<!-- \/ Yoast SEO plugin. -->","yoast_head_json":{"title":"About Me - Sylvain Larocque","robots":{"index":"index","follow":"follow","max-snippet":"max-snippet:-1","max-image-preview":"max-image-preview:large","max-video-preview":"max-video-preview:-1"},"canonical":"https:\/\/sylvain-larocque.com\/biographie\/","og_locale":"en_US","og_type":"article","og_title":"About Me - Sylvain Larocque","og_description":"Sylvain Laroque Winner of seven Oliviers, including six for Author(s) of the Year and one for Show of the Year, Sylvain Larocque has been in the wonderful world of comedy for nearly 30 years. A bilingual Montreal humorist, Sylvain has made his mark from coast to coast with his performances and writing in both English... View Article","og_url":"https:\/\/sylvain-larocque.com\/biographie\/","og_site_name":"Sylvain Larocque","article_publisher":"https:\/\/www.facebook.com\/pages\/Sylvain-Larocque\/313007662084417?fref=ts","article_modified_time":"2023-03-15T18:52:39+00:00","og_image":[{"url":"https:\/\/sylvain-larocque.com\/wp-content\/uploads\/2022\/09\/sylvainBio-250x251.jpg"}],"twitter_card":"summary_large_image","twitter_site":"@slylarocque","twitter_misc":{"Est. reading time":"3 minutes"},"schema":{"@context":"https:\/\/schema.org","@graph":[{"@type":"WebPage","@id":"https:\/\/sylvain-larocque.com\/biographie\/","url":"https:\/\/sylvain-larocque.com\/biographie\/","name":"About Me - Sylvain Larocque","isPartOf":{"@id":"https:\/\/sylvain-larocque.com\/#website"},"primaryImageOfPage":{"@id":"https:\/\/sylvain-larocque.com\/biographie\/#primaryimage"},"image":{"@id":"https:\/\/sylvain-larocque.com\/biographie\/#primaryimage"},"thumbnailUrl":"https:\/\/sylvain-larocque.com\/wp-content\/uploads\/2022\/09\/sylvainBio-250x251.jpg","datePublished":"2015-06-22T21:03:23+00:00","dateModified":"2023-03-15T18:52:39+00:00","breadcrumb":{"@id":"https:\/\/sylvain-larocque.com\/biographie\/#breadcrumb"},"inLanguage":"en-US","potentialAction":[{"@type":"ReadAction","target":["https:\/\/sylvain-larocque.com\/biographie\/"]}]},{"@type":"ImageObject","inLanguage":"en-US","@id":"https:\/\/sylvain-larocque.com\/biographie\/#primaryimage","url":"https:\/\/sylvain-larocque.com\/wp-content\/uploads\/2022\/09\/sylvainBio-250x251.jpg","contentUrl":"https:\/\/sylvain-larocque.com\/wp-content\/uploads\/2022\/09\/sylvainBio-250x251.jpg"},{"@type":"BreadcrumbList","@id":"https:\/\/sylvain-larocque.com\/biographie\/#breadcrumb","itemListElement":[{"@type":"ListItem","position":1,"name":"Accueil","item":"https:\/\/sylvain-larocque.com\/"},{"@type":"ListItem","position":2,"name":"About Me"}]},{"@type":"WebSite","@id":"https:\/\/sylvain-larocque.com\/#website","url":"https:\/\/sylvain-larocque.com\/","name":"Sylvain Larocque","description":"Sylvain Larocque","publisher":{"@id":"https:\/\/sylvain-larocque.com\/#organization"},"potentialAction":[{"@type":"SearchAction","target":{"@type":"EntryPoint","urlTemplate":"https:\/\/sylvain-larocque.com\/?s={search_term_string}"},"query-input":{"@type":"PropertyValueSpecification","valueRequired":true,"valueName":"search_term_string"}}],"inLanguage":"en-US"},{"@type":"Organization","@id":"https:\/\/sylvain-larocque.com\/#organization","name":"Sylvain Larocque","url":"https:\/\/sylvain-larocque.com\/","logo":{"@type":"ImageObject","inLanguage":"en-US","@id":"https:\/\/sylvain-larocque.com\/#\/schema\/logo\/image\/","url":"https:\/\/sylvain-larocque.com\/wp-content\/uploads\/2015\/06\/sly2.jpg","contentUrl":"https:\/\/sylvain-larocque.com\/wp-content\/uploads\/2015\/06\/sly2.jpg","width":954,"height":450,"caption":"Sylvain Larocque"},"image":{"@id":"https:\/\/sylvain-larocque.com\/#\/schema\/logo\/image\/"},"sameAs":["https:\/\/www.facebook.com\/pages\/Sylvain-Larocque\/313007662084417?fref=ts","https:\/\/x.com\/slylarocque"]}]}},"_links":{"self":[{"href":"https:\/\/sylvain-larocque.com\/en\/wp-json\/wp\/v2\/pages\/156"}],"collection":[{"href":"https:\/\/sylvain-larocque.com\/en\/wp-json\/wp\/v2\/pages"}],"about":[{"href":"https:\/\/sylvain-larocque.com\/en\/wp-json\/wp\/v2\/types\/page"}],"author":[{"embeddable":true,"href":"https:\/\/sylvain-larocque.com\/en\/wp-json\/wp\/v2\/users\/1"}],"replies":[{"embeddable":true,"href":"https:\/\/sylvain-larocque.com\/en\/wp-json\/wp\/v2\/comments?post=156"}],"version-history":[{"count":10,"href":"https:\/\/sylvain-larocque.com\/en\/wp-json\/wp\/v2\/pages\/156\/revisions"}],"predecessor-version":[{"id":385,"href":"https:\/\/sylvain-larocque.com\/en\/wp-json\/wp\/v2\/pages\/156\/revisions\/385"}],"wp:attachment":[{"href":"https:\/\/sylvain-larocque.com\/en\/wp-json\/wp\/v2\/media?parent=156"}],"curies":[{"name":"wp","href":"https:\/\/api.w.org\/{rel}","templated":true}]}}